{"id":379,"date":"2022-01-23T21:02:25","date_gmt":"2022-01-23T20:02:25","guid":{"rendered":"https:\/\/diy-leonmotors.de\/?page_id=379"},"modified":"2024-02-04T23:47:13","modified_gmt":"2024-02-04T22:47:13","slug":"odcisk","status":"publish","type":"page","link":"https:\/\/diy-leonmotors.de\/pl\/impressum\/","title":{"rendered":"IMPRINT"},"content":{"rendered":"<h1 class=\"has-text-align-center wp-block-post-title has-text-color has-ast-global-color-8-color\">IMPRINT<\/h1>\n\n\n<div style=\"height:50px\" aria-hidden=\"true\" class=\"wp-block-spacer\"><\/div>\n\n\n\n<p class=\"has-text-align-left has-black-color has-text-color\"><strong>Obowi\u0105zek informowania zgodnie z \u00a75 ustawy o handlu elektronicznym, \u00a714 kodeksu sp\u00f3\u0142ek, \u00a763 ustawy o regulacjach handlowych oraz obowi\u0105zek ujawniania informacji zgodnie z \u00a725 ustawy o mediach.<\/strong><\/p>\n\n\n\n<p class=\"has-text-align-left has-ast-global-color-8-color has-text-color\"><br>Jednoosobowa dzia\u0142alno\u015b\u0107 gospodarcza (DIY-Leonmotors &amp; Little Dreams Puffy)<br>In\u017cynier Banko Milijas<br>M\u00fchlkanal 8,<br>6500 Landeck,<br>Austria, Tyrol<br>Przedmiot dzia\u0142alno\u015bci sp\u00f3\u0142ki: Dzia\u0142alno\u015b\u0107 handlowa z wyj\u0105tkiem regulowanej dzia\u0142alno\u015bci handlowej<br>E-mail: info@diy-leonmotors.de<\/p>\n\n\n\n<p class=\"has-ast-global-color-8-color has-text-color\"><br>Cz\u0142onek: WKO<br>Prawo zawodowe: Przepisy handlowe: www.ris.bka.gv.at<br>Organ nadzorczy\/organ handlowy: W\u0142adze okr\u0119gowe Landeck<br>Kraj przyznaj\u0105cy nagrod\u0119: Austria<\/p>\n\n\n\n<p><br>\u0179r\u00f3d\u0142o: Utworzono za pomoc\u0105 generatora nadruk\u00f3w z AdSimple<\/p>\n\n\n\n<p class=\"has-ast-global-color-8-color has-text-color\" style=\"font-size:30px\"><strong>Rozstrzyganie spor\u00f3w w UE<\/strong><\/p>\n\n\n\n<p class=\"has-ast-global-color-8-color has-text-color\">Zgodnie z rozporz\u0105dzeniem w sprawie internetowego systemu rozstrzygania spor\u00f3w konsumenckich (rozporz\u0105dzenie ODR) chcieliby\u015bmy poinformowa\u0107 o platformie internetowego systemu rozstrzygania spor\u00f3w (platforma OS).<br>Konsumenci maj\u0105 mo\u017cliwo\u015b\u0107 sk\u0142adania skarg na internetowej platformie rozstrzygania spor\u00f3w Komisji Europejskiej pod adresem http:\/\/ec.europa.eu\/odr?tid=121817639. Niezb\u0119dne dane kontaktowe znajduj\u0105 si\u0119 powy\u017cej w naszej nocie prawnej.<br>Pragniemy jednak zaznaczy\u0107, \u017ce nie jeste\u015bmy sk\u0142onni ani zobowi\u0105zani do udzia\u0142u w post\u0119powaniu rozstrzygaj\u0105cym spory przed konsumenckim organem arbitra\u017cowym.<\/p>\n\n\n\n<p class=\"has-ast-global-color-8-color has-text-color\" style=\"font-size:30px\"><strong>Odpowiedzialno\u015b\u0107 za tre\u015b\u0107 niniejszej strony internetowej<\/strong><\/p>\n\n\n\n<p class=\"has-ast-global-color-8-color has-text-color\">Stale rozwijamy zawarto\u015b\u0107 tej strony internetowej i staramy si\u0119 dostarcza\u0107 prawid\u0142owe i aktualne informacje. Niestety, nie mo\u017cemy przyj\u0105\u0107 \u017cadnej odpowiedzialno\u015bci za dok\u0142adno\u015b\u0107 wszystkich tre\u015bci na tej stronie, zw\u0142aszcza tych dostarczanych przez osoby trzecie. Jako dostawca us\u0142ug nie jeste\u015bmy zobowi\u0105zani do monitorowania informacji przesy\u0142anych lub przechowywanych przez te podmioty ani do badania okoliczno\u015bci wskazuj\u0105cych na nielegaln\u0105 dzia\u0142alno\u015b\u0107.<br>Nasze zobowi\u0105zania do usuni\u0119cia informacji lub zablokowania korzystania z informacji zgodnie z og\u00f3lnymi przepisami prawa z powodu nakaz\u00f3w s\u0105dowych lub urz\u0119dowych pozostaj\u0105 nienaruszone nawet w przypadku braku naszej odpowiedzialno\u015bci.<br>W przypadku zauwa\u017cenia jakichkolwiek problematycznych lub nielegalnych tre\u015bci, prosimy o natychmiastowy kontakt, aby\u015bmy mogli je usun\u0105\u0107. Dane kontaktowe znajduj\u0105 si\u0119 w stopce redakcyjnej.<br>Odpowiedzialno\u015b\u0107 za linki na tej stronie<br>Nasza witryna zawiera \u0142\u0105cza do innych witryn, za kt\u00f3rych tre\u015b\u0107 nie ponosimy odpowiedzialno\u015bci. Nie ponosimy odpowiedzialno\u015bci za strony internetowe, do kt\u00f3rych prowadz\u0105 linki, poniewa\u017c nie mieli\u015bmy i nie mamy wiedzy na temat nielegalnych dzia\u0142a\u0144, do tej pory nie zauwa\u017cyli\u015bmy \u017cadnych takich nielegalnych dzia\u0142a\u0144 i natychmiast usuniemy linki, je\u015bli dowiemy si\u0119 o jakichkolwiek nielegalnych dzia\u0142aniach.<br>Je\u015bli zauwa\u017cysz jakiekolwiek nielegalne linki na naszej stronie, skontaktuj si\u0119 z nami. Dane kontaktowe znajduj\u0105 si\u0119 w stopce redakcyjnej.<\/p>\n\n\n\n<p class=\"has-ast-global-color-8-color has-text-color\" style=\"font-size:30px\"><strong>Informacja o prawach autorskich<\/strong><\/p>\n\n\n\n<p class=\"has-ast-global-color-8-color has-text-color\">Ca\u0142a zawarto\u015b\u0107 tej strony internetowej (obrazy, zdj\u0119cia, teksty, filmy) podlega prawom autorskim. Prosimy o zwr\u00f3cenie si\u0119 do nas przed rozpowszechnianiem, powielaniem lub wykorzystywaniem zawarto\u015bci tej strony internetowej, na przyk\u0142ad poprzez ponowne publikowanie jej na innych stronach internetowych. W razie potrzeby podejmiemy kroki prawne przeciwko nieautoryzowanemu wykorzystaniu cz\u0119\u015bci zawarto\u015bci naszej strony internetowej.<br>Je\u015bli znajdziesz na tej stronie tre\u015bci naruszaj\u0105ce prawa autorskie, skontaktuj si\u0119 z nami.<\/p>\n\n\n\n<p> <\/p>","protected":false},"excerpt":{"rendered":"<p>Informationspflicht laut \u00a75 E-Commerce Gesetz, \u00a714 Unternehmensgesetzbuch, \u00a763 Gewerbeordnung und Offenlegungspflicht laut \u00a725 Mediengesetz. Einzelunternehmen (DIY-Leonmotors &amp; Little Dreams Puffy)Ing. Banko MilijasM\u00fchlkanal 8,6500 Landeck,\u00d6sterreich, TirolUnternehmensgegenstand: Handelsgewerbe mit Ausnahme der reglementierten HandelsgewerbeE-Mail: info@diy-leonmotors.de Mitglied bei: WKOBerufsrecht: Gewerbeordnung: www.ris.bka.gv.atAufsichtsbeh\u00f6rde\/Gewerbebeh\u00f6rde: Bezirkshauptmannschaft LandeckVerleihungsstaat: \u00d6sterreich Quelle: Erstellt mit dem Impressum Generator von AdSimple EU-Streitschlichtung Gem\u00e4\u00df Verordnung \u00fcber Online-Streitbeilegung in Verbraucherangelegenheiten [&hellip;]<\/p>\n","protected":false},"author":1,"featured_media":0,"parent":0,"menu_order":0,"comment_status":"closed","ping_status":"closed","template":"","meta":{"_uag_custom_page_level_css":"","site-sidebar-layout":"default","site-content-layout":"plain-container","ast-site-content-layout":"normal-width-container","site-content-style":"unboxed","site-sidebar-style":"unboxed","ast-global-header-display":"","ast-banner-title-visibility":"","ast-main-header-display":"","ast-hfb-above-header-display":"","ast-hfb-below-header-display":"","ast-hfb-mobile-header-display":"","site-post-title":"","ast-breadcrumbs-content":"","ast-featured-img":"","footer-sml-layout":"","ast-disable-related-posts":"","theme-transparent-header-meta":"disabled","adv-header-id-meta":"","stick-header-meta":"","header-above-stick-meta":"","header-main-stick-meta":"","header-below-stick-meta":"","astra-migrate-meta-layouts":"set","ast-page-background-enabled":"default","ast-page-background-meta":{"desktop":{"background-color":"var(--ast-global-color-4)","background-image":"","background-repeat":"repeat","background-position":"center center","background-size":"auto","background-attachment":"scroll","background-type":"","background-media":"","overlay-type":"","overlay-color":"","overlay-opacity":"","overlay-gradient":""},"tablet":{"background-color":"","background-image":"","background-repeat":"repeat","background-position":"center center","background-size":"auto","background-attachment":"scroll","background-type":"","background-media":"","overlay-type":"","overlay-color":"","overlay-opacity":"","overlay-gradient":""},"mobile":{"background-color":"","background-image":"","background-repeat":"repeat","background-position":"center center","background-size":"auto","background-attachment":"scroll","background-type":"","background-media":"","overlay-type":"","overlay-color":"","overlay-opacity":"","overlay-gradient":""}},"ast-content-background-meta":{"desktop":{"background-color":"var(--ast-global-color-5)","background-image":"","background-repeat":"repeat","background-position":"center center","background-size":"auto","background-attachment":"scroll","background-type":"","background-media":"","overlay-type":"","overlay-color":"","overlay-opacity":"","overlay-gradient":""},"tablet":{"background-color":"var(--ast-global-color-5)","background-image":"","background-repeat":"repeat","background-position":"center center","background-size":"auto","background-attachment":"scroll","background-type":"","background-media":"","overlay-type":"","overlay-color":"","overlay-opacity":"","overlay-gradient":""},"mobile":{"background-color":"var(--ast-global-color-5)","background-image":"","background-repeat":"repeat","background-position":"center center","background-size":"auto","background-attachment":"scroll","background-type":"","background-media":"","overlay-type":"","overlay-color":"","overlay-opacity":"","overlay-gradient":""}},"footnotes":""},"class_list":["post-379","page","type-page","status-publish","hentry"],"yoast_head":"<!-- This site is optimized with the Yoast SEO plugin v27.4 - https:\/\/yoast.com\/product\/yoast-seo-wordpress\/ -->\n<title>IMPRESSUM | DIY-Leonmotors<\/title>\n<meta name=\"robots\" content=\"noindex, nofollow\" \/>\n<meta property=\"og:locale\" content=\"pl_PL\" \/>\n<meta property=\"og:type\" content=\"article\" \/>\n<meta property=\"og:title\" content=\"IMPRESSUM | DIY-Leonmotors\" \/>\n<meta property=\"og:description\" content=\"Informationspflicht laut \u00a75 E-Commerce Gesetz, \u00a714 Unternehmensgesetzbuch, \u00a763 Gewerbeordnung und Offenlegungspflicht laut \u00a725 Mediengesetz. Einzelunternehmen (DIY-Leonmotors &amp; Little Dreams Puffy)Ing. Banko MilijasM\u00fchlkanal 8,6500 Landeck,\u00d6sterreich, TirolUnternehmensgegenstand: Handelsgewerbe mit Ausnahme der reglementierten HandelsgewerbeE-Mail: info@diy-leonmotors.de Mitglied bei: WKOBerufsrecht: Gewerbeordnung: www.ris.bka.gv.atAufsichtsbeh\u00f6rde\/Gewerbebeh\u00f6rde: Bezirkshauptmannschaft LandeckVerleihungsstaat: \u00d6sterreich Quelle: Erstellt mit dem Impressum Generator von AdSimple EU-Streitschlichtung Gem\u00e4\u00df Verordnung \u00fcber Online-Streitbeilegung in Verbraucherangelegenheiten [&hellip;]\" \/>\n<meta property=\"og:url\" content=\"https:\/\/diy-leonmotors.de\/pl\/odcisk\/\" \/>\n<meta property=\"og:site_name\" content=\"DIY-Leonmotors\" \/>\n<meta property=\"article:modified_time\" content=\"2024-02-04T22:47:13+00:00\" \/>\n<meta name=\"twitter:card\" content=\"summary_large_image\" \/>\n<meta name=\"twitter:label1\" content=\"Szacowany czas czytania\" \/>\n\t<meta name=\"twitter:data1\" content=\"3 minuty\" \/>\n<script type=\"application\/ld+json\" class=\"yoast-schema-graph\">{\"@context\":\"https:\\\/\\\/schema.org\",\"@graph\":[{\"@type\":\"WebPage\",\"@id\":\"https:\\\/\\\/diy-leonmotors.de\\\/impressum\\\/\",\"url\":\"https:\\\/\\\/diy-leonmotors.de\\\/impressum\\\/\",\"name\":\"IMPRESSUM | DIY-Leonmotors\",\"isPartOf\":{\"@id\":\"https:\\\/\\\/diy-leonmotors.de\\\/#website\"},\"datePublished\":\"2022-01-23T20:02:25+00:00\",\"dateModified\":\"2024-02-04T22:47:13+00:00\",\"breadcrumb\":{\"@id\":\"https:\\\/\\\/diy-leonmotors.de\\\/impressum\\\/#breadcrumb\"},\"inLanguage\":\"pl-PL\",\"potentialAction\":[{\"@type\":\"ReadAction\",\"target\":[\"https:\\\/\\\/diy-leonmotors.de\\\/impressum\\\/\"]}]},{\"@type\":\"BreadcrumbList\",\"@id\":\"https:\\\/\\\/diy-leonmotors.de\\\/impressum\\\/#breadcrumb\",\"itemListElement\":[{\"@type\":\"ListItem\",\"position\":1,\"name\":\"Startseite\",\"item\":\"https:\\\/\\\/diy-leonmotors.de\\\/\"},{\"@type\":\"ListItem\",\"position\":2,\"name\":\"IMPRESSUM\"}]},{\"@type\":\"WebSite\",\"@id\":\"https:\\\/\\\/diy-leonmotors.de\\\/#website\",\"url\":\"https:\\\/\\\/diy-leonmotors.de\\\/\",\"name\":\"DIY-Leonmotors\",\"description\":\"Der Ratgeber f\u00fcr dich und dein Auto\",\"publisher\":{\"@id\":\"https:\\\/\\\/diy-leonmotors.de\\\/#organization\"},\"potentialAction\":[{\"@type\":\"SearchAction\",\"target\":{\"@type\":\"EntryPoint\",\"urlTemplate\":\"https:\\\/\\\/diy-leonmotors.de\\\/?s={search_term_string}\"},\"query-input\":{\"@type\":\"PropertyValueSpecification\",\"valueRequired\":true,\"valueName\":\"search_term_string\"}}],\"inLanguage\":\"pl-PL\"},{\"@type\":\"Organization\",\"@id\":\"https:\\\/\\\/diy-leonmotors.de\\\/#organization\",\"name\":\"DIY-Leonmotors\",\"url\":\"https:\\\/\\\/diy-leonmotors.de\\\/\",\"logo\":{\"@type\":\"ImageObject\",\"inLanguage\":\"pl-PL\",\"@id\":\"https:\\\/\\\/diy-leonmotors.de\\\/#\\\/schema\\\/logo\\\/image\\\/\",\"url\":\"https:\\\/\\\/diy-leonmotors.de\\\/wp-content\\\/uploads\\\/2022\\\/01\\\/LOGO-DIY-Leonmotors-e1647116666288.png\",\"contentUrl\":\"https:\\\/\\\/diy-leonmotors.de\\\/wp-content\\\/uploads\\\/2022\\\/01\\\/LOGO-DIY-Leonmotors-e1647116666288.png\",\"width\":500,\"height\":327,\"caption\":\"DIY-Leonmotors\"},\"image\":{\"@id\":\"https:\\\/\\\/diy-leonmotors.de\\\/#\\\/schema\\\/logo\\\/image\\\/\"}}]}<\/script>\n<!-- \/ Yoast SEO plugin. -->","yoast_head_json":{"title":"IMPRINT | DIY-Leonmotors","robots":{"index":"noindex","follow":"nofollow"},"og_locale":"pl_PL","og_type":"article","og_title":"IMPRESSUM | DIY-Leonmotors","og_description":"Informationspflicht laut \u00a75 E-Commerce Gesetz, \u00a714 Unternehmensgesetzbuch, \u00a763 Gewerbeordnung und Offenlegungspflicht laut \u00a725 Mediengesetz. Einzelunternehmen (DIY-Leonmotors &amp; Little Dreams Puffy)Ing. Banko MilijasM\u00fchlkanal 8,6500 Landeck,\u00d6sterreich, TirolUnternehmensgegenstand: Handelsgewerbe mit Ausnahme der reglementierten HandelsgewerbeE-Mail: info@diy-leonmotors.de Mitglied bei: WKOBerufsrecht: Gewerbeordnung: www.ris.bka.gv.atAufsichtsbeh\u00f6rde\/Gewerbebeh\u00f6rde: Bezirkshauptmannschaft LandeckVerleihungsstaat: \u00d6sterreich Quelle: Erstellt mit dem Impressum Generator von AdSimple EU-Streitschlichtung Gem\u00e4\u00df Verordnung \u00fcber Online-Streitbeilegung in Verbraucherangelegenheiten [&hellip;]","og_url":"https:\/\/diy-leonmotors.de\/pl\/odcisk\/","og_site_name":"DIY-Leonmotors","article_modified_time":"2024-02-04T22:47:13+00:00","twitter_card":"summary_large_image","twitter_misc":{"Szacowany czas czytania":"3 minuty"},"schema":{"@context":"https:\/\/schema.org","@graph":[{"@type":"WebPage","@id":"https:\/\/diy-leonmotors.de\/impressum\/","url":"https:\/\/diy-leonmotors.de\/impressum\/","name":"IMPRINT | DIY-Leonmotors","isPartOf":{"@id":"https:\/\/diy-leonmotors.de\/#website"},"datePublished":"2022-01-23T20:02:25+00:00","dateModified":"2024-02-04T22:47:13+00:00","breadcrumb":{"@id":"https:\/\/diy-leonmotors.de\/impressum\/#breadcrumb"},"inLanguage":"pl-PL","potentialAction":[{"@type":"ReadAction","target":["https:\/\/diy-leonmotors.de\/impressum\/"]}]},{"@type":"BreadcrumbList","@id":"https:\/\/diy-leonmotors.de\/impressum\/#breadcrumb","itemListElement":[{"@type":"ListItem","position":1,"name":"Startseite","item":"https:\/\/diy-leonmotors.de\/"},{"@type":"ListItem","position":2,"name":"IMPRESSUM"}]},{"@type":"WebSite","@id":"https:\/\/diy-leonmotors.de\/#website","url":"https:\/\/diy-leonmotors.de\/","name":"DIY-Leonmotors","description":"Przewodnik dla Ciebie i Twojego samochodu","publisher":{"@id":"https:\/\/diy-leonmotors.de\/#organization"},"potentialAction":[{"@type":"SearchAction","target":{"@type":"EntryPoint","urlTemplate":"https:\/\/diy-leonmotors.de\/?s={search_term_string}"},"query-input":{"@type":"PropertyValueSpecification","valueRequired":true,"valueName":"search_term_string"}}],"inLanguage":"pl-PL"},{"@type":"Organization","@id":"https:\/\/diy-leonmotors.de\/#organization","name":"DIY-Leonmotors","url":"https:\/\/diy-leonmotors.de\/","logo":{"@type":"ImageObject","inLanguage":"pl-PL","@id":"https:\/\/diy-leonmotors.de\/#\/schema\/logo\/image\/","url":"https:\/\/diy-leonmotors.de\/wp-content\/uploads\/2022\/01\/LOGO-DIY-Leonmotors-e1647116666288.png","contentUrl":"https:\/\/diy-leonmotors.de\/wp-content\/uploads\/2022\/01\/LOGO-DIY-Leonmotors-e1647116666288.png","width":500,"height":327,"caption":"DIY-Leonmotors"},"image":{"@id":"https:\/\/diy-leonmotors.de\/#\/schema\/logo\/image\/"}}]}},"uagb_featured_image_src":{"full":false,"thumbnail":false,"medium":false,"medium_large":false,"large":false,"1536x1536":false,"2048x2048":false,"trp-custom-language-flag":false},"uagb_author_info":{"display_name":"BrankoM_WP","author_link":"https:\/\/diy-leonmotors.de\/pl\/author\/brankom_wp\/"},"uagb_comment_info":0,"uagb_excerpt":"Informationspflicht laut \u00a75 E-Commerce Gesetz, \u00a714 Unternehmensgesetzbuch, \u00a763 Gewerbeordnung und Offenlegungspflicht laut \u00a725 Mediengesetz. Einzelunternehmen (DIY-Leonmotors &amp; Little Dreams Puffy)Ing. Banko MilijasM\u00fchlkanal 8,6500 Landeck,\u00d6sterreich, TirolUnternehmensgegenstand: Handelsgewerbe mit Ausnahme der reglementierten HandelsgewerbeE-Mail: info@diy-leonmotors.de Mitglied bei: WKOBerufsrecht: Gewerbeordnung: www.ris.bka.gv.atAufsichtsbeh\u00f6rde\/Gewerbebeh\u00f6rde: Bezirkshauptmannschaft LandeckVerleihungsstaat: \u00d6sterreich Quelle: Erstellt mit dem Impressum Generator von AdSimple EU-Streitschlichtung Gem\u00e4\u00df Verordnung \u00fcber Online-Streitbeilegung in Verbraucherangelegenheiten&hellip;","_links":{"self":[{"href":"https:\/\/diy-leonmotors.de\/pl\/wp-json\/wp\/v2\/pages\/379","targetHints":{"allow":["GET"]}}],"collection":[{"href":"https:\/\/diy-leonmotors.de\/pl\/wp-json\/wp\/v2\/pages"}],"about":[{"href":"https:\/\/diy-leonmotors.de\/pl\/wp-json\/wp\/v2\/types\/page"}],"author":[{"embeddable":true,"href":"https:\/\/diy-leonmotors.de\/pl\/wp-json\/wp\/v2\/users\/1"}],"replies":[{"embeddable":true,"href":"https:\/\/diy-leonmotors.de\/pl\/wp-json\/wp\/v2\/comments?post=379"}],"version-history":[{"count":0,"href":"https:\/\/diy-leonmotors.de\/pl\/wp-json\/wp\/v2\/pages\/379\/revisions"}],"wp:attachment":[{"href":"https:\/\/diy-leonmotors.de\/pl\/wp-json\/wp\/v2\/media?parent=379"}],"curies":[{"name":"wp","href":"https:\/\/api.w.org\/{rel}","templated":true}]}}