{"id":379,"date":"2022-01-23T21:02:25","date_gmt":"2022-01-23T20:02:25","guid":{"rendered":"https:\/\/diy-leonmotors.de\/?page_id=379"},"modified":"2024-02-04T23:47:13","modified_gmt":"2024-02-04T22:47:13","slug":"imprimir","status":"publish","type":"page","link":"https:\/\/diy-leonmotors.de\/es\/impressum\/","title":{"rendered":"IMPRIMIR"},"content":{"rendered":"<h1 class=\"has-text-align-center wp-block-post-title has-text-color has-ast-global-color-8-color\">IMPRIMIR<\/h1>\n\n\n<div style=\"height:50px\" aria-hidden=\"true\" class=\"wp-block-spacer\"><\/div>\n\n\n\n<p class=\"has-text-align-left has-black-color has-text-color\"><strong>Deber de informaci\u00f3n seg\u00fan \u00a75 Ley de Comercio Electr\u00f3nico, \u00a714 C\u00f3digo de Sociedades, \u00a763 C\u00f3digo Industrial y deber de divulgaci\u00f3n seg\u00fan \u00a725 Ley de Medios de Comunicaci\u00f3n.<\/strong><\/p>\n\n\n\n<p class=\"has-text-align-left has-ast-global-color-8-color has-text-color\"><br>Empresa individual (DIY-Leonmotors &amp; Little Dreams Puffy)<br>Ingeniero Banko Milijas<br>M\u00fchlkanal 8,<br>6500 Landeck,<br>Austria, Tirol<br>Objeto social: Actividades de comercio con excepci\u00f3n de las actividades de comercio regulado.<br>Correo electr\u00f3nico: info@diy-leonmotors.de<\/p>\n\n\n\n<p class=\"has-ast-global-color-8-color has-text-color\"><br>Miembro de: WKO<br>Derecho profesional: Normativa comercial: www.ris.bka.gv.at<br>Autoridad de control\/autoridad comercial: Autoridad del distrito de Landeck<br>Pa\u00eds adjudicador: Austria<\/p>\n\n\n\n<p><br>Fuente: Creado con el generador de huellas de AdSimple<\/p>\n\n\n\n<p class=\"has-ast-global-color-8-color has-text-color\" style=\"font-size:30px\"><strong>Resoluci\u00f3n de litigios en la UE<\/strong><\/p>\n\n\n\n<p class=\"has-ast-global-color-8-color has-text-color\">De conformidad con el Reglamento sobre resoluci\u00f3n de litigios en l\u00ednea en materia de consumo (Reglamento RLL), nos gustar\u00eda informarle sobre la plataforma de resoluci\u00f3n de litigios en l\u00ednea (plataforma OS).<br>Los consumidores tienen la opci\u00f3n de presentar reclamaciones a la plataforma de resoluci\u00f3n de litigios en l\u00ednea de la Comisi\u00f3n Europea en http:\/\/ec.europa.eu\/odr?tid=121817639. Encontrar\u00e1 los datos de contacto necesarios m\u00e1s arriba, en nuestro aviso legal.<br>Sin embargo, queremos se\u00f1alar que no estamos dispuestos ni obligados a participar en un procedimiento de resoluci\u00f3n de litigios ante una junta arbitral de consumo.<\/p>\n\n\n\n<p class=\"has-ast-global-color-8-color has-text-color\" style=\"font-size:30px\"><strong>Responsabilidad por el contenido de este sitio web<\/strong><\/p>\n\n\n\n<p class=\"has-ast-global-color-8-color has-text-color\">Desarrollamos constantemente el contenido de este sitio web y nos esforzamos por ofrecer informaci\u00f3n correcta y actualizada. Lamentablemente, no podemos asumir ninguna responsabilidad por la exactitud de todos los contenidos de este sitio web, especialmente por los proporcionados por terceros. Como proveedor de servicios, no estamos obligados a controlar la informaci\u00f3n transmitida o almacenada por ellos ni a investigar circunstancias que indiquen una actividad ilegal.<br>Nuestras obligaciones de eliminar informaci\u00f3n o bloquear el uso de informaci\u00f3n de acuerdo con las leyes generales debido a \u00f3rdenes judiciales u oficiales no se ver\u00e1n afectadas incluso en el caso de que no seamos responsables.<br>Si observa alg\u00fan contenido problem\u00e1tico o ilegal, p\u00f3ngase en contacto con nosotros inmediatamente para que podamos eliminarlo. Encontrar\u00e1 los datos de contacto en el pie de imprenta.<br>Responsabilidad de los enlaces de este sitio web<br>Nuestro sitio web contiene enlaces a otros sitios web de cuyo contenido no somos responsables. No nos hacemos responsables de los sitios web enlazados, ya que no ten\u00edamos ni tenemos conocimiento de actividades ilegales, no hemos observado ninguna actividad ilegal de este tipo hasta la fecha y eliminar\u00edamos los enlaces inmediatamente si tuvi\u00e9ramos conocimiento de alguna actividad ilegal.<br>Si observa alg\u00fan enlace ilegal en nuestro sitio web, p\u00f3ngase en contacto con nosotros. Encontrar\u00e1 los datos de contacto en el pie de imprenta.<\/p>\n\n\n\n<p class=\"has-ast-global-color-8-color has-text-color\" style=\"font-size:30px\"><strong>Copyright<\/strong><\/p>\n\n\n\n<p class=\"has-ast-global-color-8-color has-text-color\">Todos los contenidos de este sitio web (im\u00e1genes, fotos, textos, v\u00eddeos) est\u00e1n sujetos a derechos de autor. Por favor, cons\u00faltenos antes de distribuir, reproducir o utilizar el contenido de este sitio web, por ejemplo, republic\u00e1ndolo en otros sitios web. En caso necesario, emprenderemos acciones legales contra el uso no autorizado de partes del contenido de nuestro sitio web.<br>Si encuentra en este sitio web alg\u00fan contenido que infrinja la legislaci\u00f3n sobre derechos de autor, p\u00f3ngase en contacto con nosotros.<\/p>\n\n\n\n<p> <\/p>","protected":false},"excerpt":{"rendered":"<p>Informationspflicht laut \u00a75 E-Commerce Gesetz, \u00a714 Unternehmensgesetzbuch, \u00a763 Gewerbeordnung und Offenlegungspflicht laut \u00a725 Mediengesetz. Einzelunternehmen (DIY-Leonmotors &amp; Little Dreams Puffy)Ing. Banko MilijasM\u00fchlkanal 8,6500 Landeck,\u00d6sterreich, TirolUnternehmensgegenstand: Handelsgewerbe mit Ausnahme der reglementierten HandelsgewerbeE-Mail: info@diy-leonmotors.de Mitglied bei: WKOBerufsrecht: Gewerbeordnung: www.ris.bka.gv.atAufsichtsbeh\u00f6rde\/Gewerbebeh\u00f6rde: Bezirkshauptmannschaft LandeckVerleihungsstaat: \u00d6sterreich Quelle: Erstellt mit dem Impressum Generator von AdSimple EU-Streitschlichtung Gem\u00e4\u00df Verordnung \u00fcber Online-Streitbeilegung in Verbraucherangelegenheiten [&hellip;]<\/p>\n","protected":false},"author":1,"featured_media":0,"parent":0,"menu_order":0,"comment_status":"closed","ping_status":"closed","template":"","meta":{"_uag_custom_page_level_css":"","site-sidebar-layout":"default","site-content-layout":"plain-container","ast-site-content-layout":"normal-width-container","site-content-style":"unboxed","site-sidebar-style":"unboxed","ast-global-header-display":"","ast-banner-title-visibility":"","ast-main-header-display":"","ast-hfb-above-header-display":"","ast-hfb-below-header-display":"","ast-hfb-mobile-header-display":"","site-post-title":"","ast-breadcrumbs-content":"","ast-featured-img":"","footer-sml-layout":"","ast-disable-related-posts":"","theme-transparent-header-meta":"disabled","adv-header-id-meta":"","stick-header-meta":"","header-above-stick-meta":"","header-main-stick-meta":"","header-below-stick-meta":"","astra-migrate-meta-layouts":"set","ast-page-background-enabled":"default","ast-page-background-meta":{"desktop":{"background-color":"var(--ast-global-color-4)","background-image":"","background-repeat":"repeat","background-position":"center center","background-size":"auto","background-attachment":"scroll","background-type":"","background-media":"","overlay-type":"","overlay-color":"","overlay-opacity":"","overlay-gradient":""},"tablet":{"background-color":"","background-image":"","background-repeat":"repeat","background-position":"center center","background-size":"auto","background-attachment":"scroll","background-type":"","background-media":"","overlay-type":"","overlay-color":"","overlay-opacity":"","overlay-gradient":""},"mobile":{"background-color":"","background-image":"","background-repeat":"repeat","background-position":"center center","background-size":"auto","background-attachment":"scroll","background-type":"","background-media":"","overlay-type":"","overlay-color":"","overlay-opacity":"","overlay-gradient":""}},"ast-content-background-meta":{"desktop":{"background-color":"var(--ast-global-color-5)","background-image":"","background-repeat":"repeat","background-position":"center center","background-size":"auto","background-attachment":"scroll","background-type":"","background-media":"","overlay-type":"","overlay-color":"","overlay-opacity":"","overlay-gradient":""},"tablet":{"background-color":"var(--ast-global-color-5)","background-image":"","background-repeat":"repeat","background-position":"center center","background-size":"auto","background-attachment":"scroll","background-type":"","background-media":"","overlay-type":"","overlay-color":"","overlay-opacity":"","overlay-gradient":""},"mobile":{"background-color":"var(--ast-global-color-5)","background-image":"","background-repeat":"repeat","background-position":"center center","background-size":"auto","background-attachment":"scroll","background-type":"","background-media":"","overlay-type":"","overlay-color":"","overlay-opacity":"","overlay-gradient":""}},"footnotes":""},"class_list":["post-379","page","type-page","status-publish","hentry"],"yoast_head":"<!-- This site is optimized with the Yoast SEO plugin v27.5 - https:\/\/yoast.com\/product\/yoast-seo-wordpress\/ -->\n<title>IMPRESSUM | DIY-Leonmotors<\/title>\n<meta name=\"robots\" content=\"noindex, nofollow\" \/>\n<meta property=\"og:locale\" content=\"es_ES\" \/>\n<meta property=\"og:type\" content=\"article\" \/>\n<meta property=\"og:title\" content=\"IMPRESSUM | DIY-Leonmotors\" \/>\n<meta property=\"og:description\" content=\"Informationspflicht laut \u00a75 E-Commerce Gesetz, \u00a714 Unternehmensgesetzbuch, \u00a763 Gewerbeordnung und Offenlegungspflicht laut \u00a725 Mediengesetz. Einzelunternehmen (DIY-Leonmotors &amp; Little Dreams Puffy)Ing. Banko MilijasM\u00fchlkanal 8,6500 Landeck,\u00d6sterreich, TirolUnternehmensgegenstand: Handelsgewerbe mit Ausnahme der reglementierten HandelsgewerbeE-Mail: info@diy-leonmotors.de Mitglied bei: WKOBerufsrecht: Gewerbeordnung: www.ris.bka.gv.atAufsichtsbeh\u00f6rde\/Gewerbebeh\u00f6rde: Bezirkshauptmannschaft LandeckVerleihungsstaat: \u00d6sterreich Quelle: Erstellt mit dem Impressum Generator von AdSimple EU-Streitschlichtung Gem\u00e4\u00df Verordnung \u00fcber Online-Streitbeilegung in Verbraucherangelegenheiten [&hellip;]\" \/>\n<meta property=\"og:url\" content=\"https:\/\/diy-leonmotors.de\/es\/imprimir\/\" \/>\n<meta property=\"og:site_name\" content=\"DIY-Leonmotors\" \/>\n<meta property=\"article:modified_time\" content=\"2024-02-04T22:47:13+00:00\" \/>\n<meta name=\"twitter:card\" content=\"summary_large_image\" \/>\n<meta name=\"twitter:label1\" content=\"Tiempo de lectura\" \/>\n\t<meta name=\"twitter:data1\" content=\"3 minutos\" \/>\n<script type=\"application\/ld+json\" class=\"yoast-schema-graph\">{\"@context\":\"https:\\\/\\\/schema.org\",\"@graph\":[{\"@type\":\"WebPage\",\"@id\":\"https:\\\/\\\/diy-leonmotors.de\\\/impressum\\\/\",\"url\":\"https:\\\/\\\/diy-leonmotors.de\\\/impressum\\\/\",\"name\":\"IMPRESSUM | DIY-Leonmotors\",\"isPartOf\":{\"@id\":\"https:\\\/\\\/diy-leonmotors.de\\\/#website\"},\"datePublished\":\"2022-01-23T20:02:25+00:00\",\"dateModified\":\"2024-02-04T22:47:13+00:00\",\"breadcrumb\":{\"@id\":\"https:\\\/\\\/diy-leonmotors.de\\\/impressum\\\/#breadcrumb\"},\"inLanguage\":\"es\",\"potentialAction\":[{\"@type\":\"ReadAction\",\"target\":[\"https:\\\/\\\/diy-leonmotors.de\\\/impressum\\\/\"]}]},{\"@type\":\"BreadcrumbList\",\"@id\":\"https:\\\/\\\/diy-leonmotors.de\\\/impressum\\\/#breadcrumb\",\"itemListElement\":[{\"@type\":\"ListItem\",\"position\":1,\"name\":\"Startseite\",\"item\":\"https:\\\/\\\/diy-leonmotors.de\\\/\"},{\"@type\":\"ListItem\",\"position\":2,\"name\":\"IMPRESSUM\"}]},{\"@type\":\"WebSite\",\"@id\":\"https:\\\/\\\/diy-leonmotors.de\\\/#website\",\"url\":\"https:\\\/\\\/diy-leonmotors.de\\\/\",\"name\":\"DIY-Leonmotors\",\"description\":\"Der Ratgeber f\u00fcr dich und dein Auto\",\"publisher\":{\"@id\":\"https:\\\/\\\/diy-leonmotors.de\\\/#organization\"},\"potentialAction\":[{\"@type\":\"SearchAction\",\"target\":{\"@type\":\"EntryPoint\",\"urlTemplate\":\"https:\\\/\\\/diy-leonmotors.de\\\/?s={search_term_string}\"},\"query-input\":{\"@type\":\"PropertyValueSpecification\",\"valueRequired\":true,\"valueName\":\"search_term_string\"}}],\"inLanguage\":\"es\"},{\"@type\":\"Organization\",\"@id\":\"https:\\\/\\\/diy-leonmotors.de\\\/#organization\",\"name\":\"DIY-Leonmotors\",\"url\":\"https:\\\/\\\/diy-leonmotors.de\\\/\",\"logo\":{\"@type\":\"ImageObject\",\"inLanguage\":\"es\",\"@id\":\"https:\\\/\\\/diy-leonmotors.de\\\/#\\\/schema\\\/logo\\\/image\\\/\",\"url\":\"https:\\\/\\\/diy-leonmotors.de\\\/wp-content\\\/uploads\\\/2022\\\/01\\\/LOGO-DIY-Leonmotors-e1647116666288.png\",\"contentUrl\":\"https:\\\/\\\/diy-leonmotors.de\\\/wp-content\\\/uploads\\\/2022\\\/01\\\/LOGO-DIY-Leonmotors-e1647116666288.png\",\"width\":500,\"height\":327,\"caption\":\"DIY-Leonmotors\"},\"image\":{\"@id\":\"https:\\\/\\\/diy-leonmotors.de\\\/#\\\/schema\\\/logo\\\/image\\\/\"}}]}<\/script>\n<!-- \/ Yoast SEO plugin. -->","yoast_head_json":{"title":"IMPRESI\u00d3N | DIY-Leonmotors","robots":{"index":"noindex","follow":"nofollow"},"og_locale":"es_ES","og_type":"article","og_title":"IMPRESSUM | DIY-Leonmotors","og_description":"Informationspflicht laut \u00a75 E-Commerce Gesetz, \u00a714 Unternehmensgesetzbuch, \u00a763 Gewerbeordnung und Offenlegungspflicht laut \u00a725 Mediengesetz. Einzelunternehmen (DIY-Leonmotors &amp; Little Dreams Puffy)Ing. Banko MilijasM\u00fchlkanal 8,6500 Landeck,\u00d6sterreich, TirolUnternehmensgegenstand: Handelsgewerbe mit Ausnahme der reglementierten HandelsgewerbeE-Mail: info@diy-leonmotors.de Mitglied bei: WKOBerufsrecht: Gewerbeordnung: www.ris.bka.gv.atAufsichtsbeh\u00f6rde\/Gewerbebeh\u00f6rde: Bezirkshauptmannschaft LandeckVerleihungsstaat: \u00d6sterreich Quelle: Erstellt mit dem Impressum Generator von AdSimple EU-Streitschlichtung Gem\u00e4\u00df Verordnung \u00fcber Online-Streitbeilegung in Verbraucherangelegenheiten [&hellip;]","og_url":"https:\/\/diy-leonmotors.de\/es\/imprimir\/","og_site_name":"DIY-Leonmotors","article_modified_time":"2024-02-04T22:47:13+00:00","twitter_card":"summary_large_image","twitter_misc":{"Tiempo de lectura":"3 minutos"},"schema":{"@context":"https:\/\/schema.org","@graph":[{"@type":"WebPage","@id":"https:\/\/diy-leonmotors.de\/impressum\/","url":"https:\/\/diy-leonmotors.de\/impressum\/","name":"IMPRESI\u00d3N | DIY-Leonmotors","isPartOf":{"@id":"https:\/\/diy-leonmotors.de\/#website"},"datePublished":"2022-01-23T20:02:25+00:00","dateModified":"2024-02-04T22:47:13+00:00","breadcrumb":{"@id":"https:\/\/diy-leonmotors.de\/impressum\/#breadcrumb"},"inLanguage":"es","potentialAction":[{"@type":"ReadAction","target":["https:\/\/diy-leonmotors.de\/impressum\/"]}]},{"@type":"BreadcrumbList","@id":"https:\/\/diy-leonmotors.de\/impressum\/#breadcrumb","itemListElement":[{"@type":"ListItem","position":1,"name":"Startseite","item":"https:\/\/diy-leonmotors.de\/"},{"@type":"ListItem","position":2,"name":"IMPRESSUM"}]},{"@type":"WebSite","@id":"https:\/\/diy-leonmotors.de\/#website","url":"https:\/\/diy-leonmotors.de\/","name":"DIY-Leonmotors","description":"La gu\u00eda para usted y su coche","publisher":{"@id":"https:\/\/diy-leonmotors.de\/#organization"},"potentialAction":[{"@type":"SearchAction","target":{"@type":"EntryPoint","urlTemplate":"https:\/\/diy-leonmotors.de\/?s={search_term_string}"},"query-input":{"@type":"PropertyValueSpecification","valueRequired":true,"valueName":"search_term_string"}}],"inLanguage":"es"},{"@type":"Organization","@id":"https:\/\/diy-leonmotors.de\/#organization","name":"DIY-Leonmotors","url":"https:\/\/diy-leonmotors.de\/","logo":{"@type":"ImageObject","inLanguage":"es","@id":"https:\/\/diy-leonmotors.de\/#\/schema\/logo\/image\/","url":"https:\/\/diy-leonmotors.de\/wp-content\/uploads\/2022\/01\/LOGO-DIY-Leonmotors-e1647116666288.png","contentUrl":"https:\/\/diy-leonmotors.de\/wp-content\/uploads\/2022\/01\/LOGO-DIY-Leonmotors-e1647116666288.png","width":500,"height":327,"caption":"DIY-Leonmotors"},"image":{"@id":"https:\/\/diy-leonmotors.de\/#\/schema\/logo\/image\/"}}]}},"uagb_featured_image_src":{"full":false,"thumbnail":false,"medium":false,"medium_large":false,"large":false,"1536x1536":false,"2048x2048":false,"trp-custom-language-flag":false},"uagb_author_info":{"display_name":"BrankoM_WP","author_link":"https:\/\/diy-leonmotors.de\/es\/author\/brankom_wp\/"},"uagb_comment_info":0,"uagb_excerpt":"Informationspflicht laut \u00a75 E-Commerce Gesetz, \u00a714 Unternehmensgesetzbuch, \u00a763 Gewerbeordnung und Offenlegungspflicht laut \u00a725 Mediengesetz. Einzelunternehmen (DIY-Leonmotors &amp; Little Dreams Puffy)Ing. Banko MilijasM\u00fchlkanal 8,6500 Landeck,\u00d6sterreich, TirolUnternehmensgegenstand: Handelsgewerbe mit Ausnahme der reglementierten HandelsgewerbeE-Mail: info@diy-leonmotors.de Mitglied bei: WKOBerufsrecht: Gewerbeordnung: www.ris.bka.gv.atAufsichtsbeh\u00f6rde\/Gewerbebeh\u00f6rde: Bezirkshauptmannschaft LandeckVerleihungsstaat: \u00d6sterreich Quelle: Erstellt mit dem Impressum Generator von AdSimple EU-Streitschlichtung Gem\u00e4\u00df Verordnung \u00fcber Online-Streitbeilegung in Verbraucherangelegenheiten&hellip;","_links":{"self":[{"href":"https:\/\/diy-leonmotors.de\/es\/wp-json\/wp\/v2\/pages\/379","targetHints":{"allow":["GET"]}}],"collection":[{"href":"https:\/\/diy-leonmotors.de\/es\/wp-json\/wp\/v2\/pages"}],"about":[{"href":"https:\/\/diy-leonmotors.de\/es\/wp-json\/wp\/v2\/types\/page"}],"author":[{"embeddable":true,"href":"https:\/\/diy-leonmotors.de\/es\/wp-json\/wp\/v2\/users\/1"}],"replies":[{"embeddable":true,"href":"https:\/\/diy-leonmotors.de\/es\/wp-json\/wp\/v2\/comments?post=379"}],"version-history":[{"count":0,"href":"https:\/\/diy-leonmotors.de\/es\/wp-json\/wp\/v2\/pages\/379\/revisions"}],"wp:attachment":[{"href":"https:\/\/diy-leonmotors.de\/es\/wp-json\/wp\/v2\/media?parent=379"}],"curies":[{"name":"wp","href":"https:\/\/api.w.org\/{rel}","templated":true}]}}